{"id":2949,"date":"2025-01-30T18:31:00","date_gmt":"2025-01-30T18:31:00","guid":{"rendered":"https:\/\/testing.perlaholistic.com\/?page_id=2949"},"modified":"2025-03-30T21:48:11","modified_gmt":"2025-03-30T21:48:11","slug":"reviews","status":"publish","type":"page","link":"https:\/\/testing.perlaholistic.com\/pl\/reviews\/","title":{"rendered":"Recenzje"},"content":{"rendered":"<div class=\"instagram-review\">\n\t<p class=\"title container h2\">Opinie naszych klient\u00f3w   <\/p>\n\t<div class=\"instagram-review-swiper\">\n\t\t<div class=\"swiper-wrapper\">\n\t\t\t\t\t\t<div class=\"swiper-slide\">\n\t\t\t\t<div class=\"slide-wrapper\">\n\t\t\t\t\t<div class=\"video-wrapper\">\n\t\t\t\t\t\t<video class=\"image-review\" autoplay playsinline loop muted preload=\"none\">\n\t\t\t\t\t\t\t<source src=\"\" type=\"video\/mp4\">\n\t\t\t\t\t\t<\/video>\n\t\t\t\t\t<\/div>\n\t\t\t\t\t<div class=\"description-review\"><img decoding=\"async\" src=\"\" alt=\"insta\"\n\t\t\t\t\t\t\tloading=\"lazy\">\n\t\t\t\t\t\t<p><\/p>\n\t\t\t\t\t<\/div>\n\t\t\t\t<\/div>\n\t\t\t<\/div>\n\t\t\t\t\t\t<div class=\"swiper-slide\">\n\t\t\t\t<div class=\"slide-wrapper\">\n\t\t\t\t\t<div class=\"video-wrapper\">\n\t\t\t\t\t\t<video class=\"image-review\" autoplay playsinline loop muted preload=\"none\">\n\t\t\t\t\t\t\t<source src=\"\" type=\"video\/mp4\">\n\t\t\t\t\t\t<\/video>\n\t\t\t\t\t<\/div>\n\t\t\t\t\t<div class=\"description-review\"><img decoding=\"async\" src=\"\" alt=\"insta\"\n\t\t\t\t\t\t\tloading=\"lazy\">\n\t\t\t\t\t\t<p><\/p>\n\t\t\t\t\t<\/div>\n\t\t\t\t<\/div>\n\t\t\t<\/div>\n\t\t\t\t\t<\/div>\n\t\t<div class=\"swiper-nav-wrapper\">\n\t\t\t<div class=\"swiper-button-prev\">\n\t\t\t<\/div>\n\t\t\t<div class=\"swiper-button-next\">\n\t\t\t<\/div>\n\t\t<\/div>\n\t<\/div>\n<\/div>\n\n\n\n<div class=\"reviews-block\">\n\t<div class=\"container\">\n\t\t<div class=\"reviews-block-header\">\n\t\t\t<button class=\"btn btn-main-inverse\" data-modal=\"modal_add_review\" aria-label=\"Zostaw opini\u0119\">\n\t\t\t\tZostaw opini\u0119\t\t\t<\/button>\n\t\t\t<div class='custom-dropdown'>\n\t\t\t\t<button class='dropdown-toggle' aria-label=\"Products dropdown\">\n\t\t\t\t\tA-Biotin\t\t\t\t\t<span class=\"dropdown-arrow\">\u25bc<\/span>\n\t\t\t\t<\/button>\n\t\t\t\t<ul class=\"dropdown-menu\">\n\t\t\t\t\t<li data-value='2003' class='dropdown-item'>A-Biotin<\/li><li data-value='2024' class='dropdown-item'>Collagen Nectar<\/li><li data-value='2301' class='dropdown-item'>Collagen Nectar Black Cherry<\/li><li data-value='2243' class='dropdown-item'>Multi-Beauty Duo<\/li><li data-value='2041' class='dropdown-item'>Triple Magnesium<\/li>\t\t\t\t<\/ul>\n\t\t\t\t<form id=\"product-form\" method=\"GET\">\n\t\t\t\t\t<input type=\"hidden\" name=\"product_id\" id=\"dropdown-input\" value=\"1964\">\n\t\t\t\t<\/form>\n\t\t\t<\/div>\n\t\t<\/div>\n\t\t<div class=\"reviews-block-wrapper\">\n\t\t\t<div class=\"reviews-block-list\">\n\t\t\t\t\n\t<div class=\"review\" data-comment-id=\"19\">\n\t\t<div class=\"review-author\">\n\t\t\t<div class=\"review-author-name\">Renata<\/div>\n\t\t\t<div class=\"review-author-rating\">\n\t\t\t\t<div class=\"stars-wrapper\">\n\t\t\t\t\t<div class=\"star-icon\"><\/div><div class=\"star-icon\"><\/div><div class=\"star-icon\"><\/div><div class=\"star-icon\"><\/div><div class=\"star-icon\"><\/div>\t\t\t\t<\/div>\n\t\t\t<\/div>\n\t\t\t<span class=\"review-author-date\">30\/11\/25<\/span>\n\t\t<\/div>\n\t\t<div class=\"review-data short\">\n\t\t\t<div class=\"review-data-comment\">\n\t\t\t\tBiotyna to \u015bwietny suplement, zw\u0142aszcza dzi\u0119ki dodatkowi dw\u00f3ch aminokwasow. Moje w\u0142osy przesta\u0142y wypada\u0107, a sk\u00f3ra wok\u00f3\u0142 nich wygl\u0105da zdrowiej.\t\t\t<\/div>\n\t\t\t<div class=\"review-data-attachments\">\n\t\t\t\t\t\t\t<\/div>\n\t\t\t<div class=\"review-data-show-more \">\n\t\t\t\t<span class=\"show\">Wi\u0119cej<\/span>\n\t\t\t\t<span class=\"hide\">Ukryj<\/span>\n\t\t\t<\/div>\n\t\t<\/div>\n\t<\/div>\n\t<div class=\"review\" data-comment-id=\"20\">\n\t\t<div class=\"review-author\">\n\t\t\t<div class=\"review-author-name\">Natalia<\/div>\n\t\t\t<div class=\"review-author-rating\">\n\t\t\t\t<div class=\"stars-wrapper\">\n\t\t\t\t\t<div class=\"star-icon\"><\/div><div class=\"star-icon\"><\/div><div class=\"star-icon\"><\/div><div class=\"star-icon\"><\/div><div class=\"star-icon\"><\/div>\t\t\t\t<\/div>\n\t\t\t<\/div>\n\t\t\t<span class=\"review-author-date\">17\/01\/25<\/span>\n\t\t<\/div>\n\t\t<div class=\"review-data short\">\n\t\t\t<div class=\"review-data-comment\">\n\t\t\t\tBiotyna super poprawi\u0142a moje w\u0142osy! Ro\u015bnie szybciej, s\u0105 mocniejsze, a wypadanie praktycznie usta\u0142o. Po\u0142\u0105czenie biotyny z aminokwasami to \u015bwietny wyb\u00f3r.\t\t\t<\/div>\n\t\t\t<div class=\"review-data-attachments\">\n\t\t\t\t\t\t\t<\/div>\n\t\t\t<div class=\"review-data-show-more \">\n\t\t\t\t<span class=\"show\">Wi\u0119cej<\/span>\n\t\t\t\t<span class=\"hide\">Ukryj<\/span>\n\t\t\t<\/div>\n\t\t<\/div>\n\t<\/div>\n\t<div class=\"review\" data-comment-id=\"21\">\n\t\t<div class=\"review-author\">\n\t\t\t<div class=\"review-author-name\">Agnieszka<\/div>\n\t\t\t<div class=\"review-author-rating\">\n\t\t\t\t<div class=\"stars-wrapper\">\n\t\t\t\t\t<div class=\"star-icon\"><\/div><div class=\"star-icon\"><\/div><div class=\"star-icon\"><\/div><div class=\"star-icon\"><\/div><div class=\"star-icon\"><\/div>\t\t\t\t<\/div>\n\t\t\t<\/div>\n\t\t\t<span class=\"review-author-date\">11\/01\/25<\/span>\n\t\t<\/div>\n\t\t<div class=\"review-data short\">\n\t\t\t<div class=\"review-data-comment\">\n\t\t\t\tA-Biotin to suplement, kt\u00f3ry naprawd\u0119 dzia\u0142a. Moje w\u0142osy rosn\u0105 szybciej, sk\u00f3ra jest nawil\u017cona, a paznokcie wreszcie przesta\u0142y si\u0119 \u0142ama\u0107.\t\t\t<\/div>\n\t\t\t<div class=\"review-data-attachments\">\n\t\t\t\t\t\t\t<\/div>\n\t\t\t<div class=\"review-data-show-more \">\n\t\t\t\t<span class=\"show\">Wi\u0119cej<\/span>\n\t\t\t\t<span class=\"hide\">Ukryj<\/span>\n\t\t\t<\/div>\n\t\t<\/div>\n\t<\/div>\n\t<div class=\"review\" data-comment-id=\"22\">\n\t\t<div class=\"review-author\">\n\t\t\t<div class=\"review-author-name\">Beata<\/div>\n\t\t\t<div class=\"review-author-rating\">\n\t\t\t\t<div class=\"stars-wrapper\">\n\t\t\t\t\t<div class=\"star-icon\"><\/div><div class=\"star-icon\"><\/div><div class=\"star-icon\"><\/div><div class=\"star-icon\"><\/div><div class=\"star-icon\"><\/div>\t\t\t\t<\/div>\n\t\t\t<\/div>\n\t\t\t<span class=\"review-author-date\">10\/01\/25<\/span>\n\t\t<\/div>\n\t\t<div class=\"review-data short\">\n\t\t\t<div class=\"review-data-comment\">\n\t\t\t\tBiotyna to zdecydowanie to, czego potrzebowa\u0142y moje w\u0142osy! Od kiedy zacz\u0119\u0142am j\u0105 stosowa\u0107, zauwa\u017cy\u0142am, \u017ce szybciej rosn\u0105, a do tego sta\u0142y si\u0119 mocniejsze i l\u015bni\u0105ce. W dodatku paznokcie zacz\u0119\u0142y rosn\u0105\u0107 o wiele szybciej, a sk\u00f3ra wygl\u0105da zdrowiej.\t\t\t<\/div>\n\t\t\t<div class=\"review-data-attachments\">\n\t\t\t\t\t\t\t<\/div>\n\t\t\t<div class=\"review-data-show-more \">\n\t\t\t\t<span class=\"show\">Wi\u0119cej<\/span>\n\t\t\t\t<span class=\"hide\">Ukryj<\/span>\n\t\t\t<\/div>\n\t\t<\/div>\n\t<\/div>\n\t<div class=\"review\" data-comment-id=\"24\">\n\t\t<div class=\"review-author\">\n\t\t\t<div class=\"review-author-name\">Magda<\/div>\n\t\t\t<div class=\"review-author-rating\">\n\t\t\t\t<div class=\"stars-wrapper\">\n\t\t\t\t\t<div class=\"star-icon\"><\/div><div class=\"star-icon\"><\/div><div class=\"star-icon\"><\/div><div class=\"star-icon\"><\/div><div class=\"star-icon empty\"><\/div>\t\t\t\t<\/div>\n\t\t\t<\/div>\n\t\t\t<span class=\"review-author-date\">08\/01\/25<\/span>\n\t\t<\/div>\n\t\t<div class=\"review-data short\">\n\t\t\t<div class=\"review-data-comment\">\n\t\t\t\tStosuj\u0119 biotyn\u0119 od miesi\u0105ca i jestem zachwycona! W\u0142osy przesta\u0142y wypada\u0107, zacz\u0119\u0142y rosn\u0105\u0107 szybciej, a paznokcie s\u0105 twardsze i rosn\u0105 bez problemu. Sk\u00f3ra te\u017c wygl\u0105da znacznie lepiej.\t\t\t<\/div>\n\t\t\t<div class=\"review-data-attachments\">\n\t\t\t\t\t\t\t<\/div>\n\t\t\t<div class=\"review-data-show-more \">\n\t\t\t\t<span class=\"show\">Wi\u0119cej<\/span>\n\t\t\t\t<span class=\"hide\">Ukryj<\/span>\n\t\t\t<\/div>\n\t\t<\/div>\n\t<\/div>\n\t\t\t<\/div>\n\t\t<\/div>\n\t\t<div class=\"reviews-load-more has-more\">\n\t\t\t<div class=\"reviews-load-more-btn\">\n\t\t\t\t<div class=\"load-more-icon\"><\/div>\n\t\t\t\t<div class=\"load-more-text\">Poka\u017c wi\u0119cej<\/div>\n\t\t\t<\/div>\n\t\t<\/div>\n\t<\/div>\n<\/div>\n\n<div id=\"modal_add_review\" class=\"modal modal-add-review\">\n    <div class=\"modal-content\">\n        <span class=\"modal-close\"><\/span>\n\n        <div class=\"modal-add-review-wrapper\" id=\"js-modal-add-review-wrapper\">\n            <form class='perla-form' id=\"review-form\" method='post' enctype='multipart\/form-data'>\n                <!-- A hidden field to tell our handler which action to run -->\n                <input type=\"hidden\" id=\"product_review_nonce\" name=\"product_review_nonce\" value=\"5ca7763b79\" \/><input type=\"hidden\" name=\"_wp_http_referer\" value=\"\/pl\/wp-json\/wp\/v2\/pages\/2949\" \/>                <input type=\"hidden\" name=\"action\" value=\"submit_product_review\">\n                <!-- The product ID so we know which product this review belongs to -->\n                                <input type=\"hidden\" name=\"comment_post_ID\" value=\"2949\">\n                <div class=\"modal-add-review-heading\">\n                    <div class=\"title\">Twoja opinia<\/div>\n                    <div class=\"rating-of-reviews-container\">\n                        <!-- You can display an average rating or similar info here -->\n                        <span class=\"rating-number\"><\/span>\n                        <div class=\"rating-score\">\n                            <div class=\"rating-score-wrapper\">\n                                <div class=\"stars-wrapper\">\n                                    <div class=\"star-icon\"><\/div><div class=\"star-icon\"><\/div><div class=\"star-icon\"><\/div><div class=\"star-icon\"><\/div><div class=\"star-icon\"><\/div>                                <\/div>\n                            <\/div>\n                            <!-- Hidden rating field (WooCommerce expects the rating meta) -->\n                            <input id=\"add_review_rating\" type=\"hidden\" name=\"rating\" value=\"5\">\n                            <div class=\"rating-score-text\">\n                                <span>Rating: <\/span>\n                                <span class=\"score-value\">5 \/ 5<\/span>\n                            <\/div>\n                            <div class=\"caption\">Szczera ocena Perla\u00a0<\/div>\n                        <\/div>\n                    <\/div>\n                <\/div>\n\n                <div class=\"inputs-wrapper\">\n                    <div class=\"input-container\">\n                        <input id=\"add_review_email\" type=\"email\" name=\"email\" class=\"input input-text\" placeholder=\" \"\n                            required>\n                        <label for=\"add_review_email\" class=\"label\">Adres e-mail *<\/label>\n                    <\/div>\n\n                    <div class=\"input-container\">\n                        <input id=\"add_review_phone\" type=\"tel\" name=\"phone\" class=\"input input-tel\" placeholder=\" \"\n                            required>\n                        <label for=\"add_review_phone\" class=\"label tel\">Numer telefonu *<\/label>\n                    <\/div>\n\n                    <div class=\"input-container\">\n                        <input id=\"add_review_name\" type=\"text\" name=\"name\" class=\"input input-text\" placeholder=\" \"\n                            required>\n                        <label for=\"add_review_name\" class=\"label\">Imi\u0119 *\u00a0<\/label>\n                    <\/div>\n\n                    <div class=\"input-container\">\n                        <textarea id=\"add_review_comment\" name=\"review_comment\" class=\"input input-text input-textarea\"\n                            rows=\"4\" placeholder=\"\" required><\/textarea>\n                        <label for=\"add_review_comment\" class=\"label\">Twoja opinia*<\/label>\n                    <\/div>\n\n                    <div class=\"file-container\">\n                        <input type=\"file\" id=\"add_review_image_upload\" name=\"review_image[]\" multiple accept=\"image\/*\">\n                        <label for=\"add_review_image_upload\" class=\"label-file\">\n                            <div class=\"icon-upload\"><\/div>\n                            <span>Dodaj obraz<\/span>\n                        <\/label>\n                        <div class=\"preview-container\"><\/div>\n                    <\/div>\n                <\/div>\n\n                <div class=\"actions\">\n                    <button class=\"btn btn-main\" type=\"submit\"\n                        aria-label=\"Publikuj\">Publikuj<\/button>\n                    <button class=\"btn btn-main-inverse\" type=\"button\" aria-label=\"Anuluj\"\n                        data-modal-close>Anuluj<\/button>\n                <\/div>\n            <\/form>\n        <\/div>\n        <script>\n            document.addEventListener('DOMContentLoaded', function() {\n                const reviewForm = document.getElementById('review-form');\n\n                reviewForm.addEventListener('submit', function(event) {\n                    event.preventDefault(); \/\/ Prevent normal form submission\n\n                    console.log('in custom form logic');\n                    \/\/ Create a FormData object from the form element (including files).\n                    const formData = new FormData(reviewForm);\n                    console.log('formData:', formData);\n                    \/\/ Use Fetch to submit the formData to admin-ajax.php\n                    fetch('https:\/\/testing.perlaholistic.com\/wp-admin\/admin-ajax.php', {\n                            method: 'POST',\n                            body: formData\n                        })\n                        .then(response => response.json())\n                        .then(data => {\n                            \/\/ The \"success\" property in WP's JSON response\n                            if (data.success) {\n\n                                const modalWrapper = document.getElementById('js-modal-add-review-wrapper');\n                                const successWrapper = document.getElementById(\n                                    'js-success-add-review-wrapper');\n\n                                const thankYouMessage = data.data.thank_you;\n                                const thankYouDescription = data.data.thank_you_desc;\n                                const comment = data.data.comment;\n                                const name = data.data.name;\n                                const rating = data.data.rating;\n                                const images = data.data.images || [];\n\n                                if (modalWrapper) {\n                                    modalWrapper.style.display = 'none';\n                                }\n\n                                \/\/ Then, show the success message wrapper\n                                if (successWrapper) {\n                                    successWrapper.style.display = 'block';\n\n                                    const successTitle = successWrapper.querySelector('.title');\n                                    const successCaption = successWrapper.querySelector('.caption');\n                                    const successComment = successWrapper.querySelector('.comment');\n                                    const username = successWrapper.querySelector('.username');\n                                    const imagesWrapper = successWrapper.querySelector('.images');\n                                    const starsWrapper = successWrapper.querySelector('.stars-wrapper');\n\n                                    if (successTitle) {\n                                        successTitle.textContent = thankYouMessage;\n                                    }\n                                    if (successCaption) {\n                                        successCaption.textContent = thankYouDescription;\n                                    }\n                                    if (comment) {\n                                        successComment.textContent = comment;\n                                    }\n                                    if (username) {\n                                        username.textContent = name;\n                                    }\n                                    if (images) {\n                                        images.forEach(image => {\n                                            const img = document.createElement('img');\n                                            img.src = image;\n                                            imagesWrapper.appendChild(img);\n                                        });\n                                    }\n                                    if (starsWrapper) {\n                                        starsWrapper.innerHTML = '';\n                                        for (let i = 0; i < rating; i++) {\n                                            const star = document.createElement('div');\n                                            star.classList.add('star-icon');\n                                            starsWrapper.appendChild(star);\n                                        }\n                                    }\n                                }\n\n                            } else {\n                                const errorMsg = data.data.message || 'An error occurred.';\n                                alert('Error: ' + errorMsg);\n                            }\n                        })\n                        .catch(error => {\n                            \/\/ Network or parsing error\n                            alert('AJAX error: ' + error.message);\n                        });\n                });\n            });\n        <\/script>\n        <!-- success remove display none-->\n        <div class=\"success-add-review-wrapper\" id=\"js-success-add-review-wrapper\" style=\"display: none;\">\n            <div class=\"heading mb-24\">\n                <div class=\"title\"><\/div>\n                <div class=\"caption\"><\/div>\n            <\/div>\n            <div class=\"review-container\">\n                <div class=\"rating-score\">\n                    <div class=\"rating-score-wrapper\">\n                        <div class=\"stars-wrapper\">\n                        <\/div>\n                    <\/div>\n                <\/div>\n                <div class=\"comment\">\n\n                <\/div>\n                <div class=\"images\">\n                <\/div>\n                <div class=\"username\">\n\n                <\/div>\n            <\/div>\n        <\/div>\n    <\/div>\n<\/div>\n","protected":false},"excerpt":{"rendered":"","protected":false},"author":9,"featured_media":0,"parent":0,"menu_order":0,"comment_status":"closed","ping_status":"closed","template":"","meta":{"_acf_changed":true,"footnotes":""},"class_list":["post-2949","page","type-page","status-publish","hentry"],"acf":[],"yoast_head":"<!-- This site is optimized with the Yoast SEO plugin v23.9 - https:\/\/yoast.com\/wordpress\/plugins\/seo\/ -->\n<title>Recenzje - Perla holistic<\/title>\n<link rel=\"canonical\" href=\"https:\/\/new-staging.perlaholistic.com\/pl\/reviews\/\" \/>\n<meta property=\"og:locale\" content=\"pl_PL\" \/>\n<meta property=\"og:type\" content=\"article\" \/>\n<meta property=\"og:title\" content=\"Recenzje - Perla holistic\" \/>\n<meta property=\"og:url\" content=\"https:\/\/new-staging.perlaholistic.com\/pl\/reviews\/\" \/>\n<meta property=\"og:site_name\" content=\"Perla holistic\" \/>\n<meta property=\"article:modified_time\" content=\"2025-03-30T21:48:11+00:00\" \/>\n<meta name=\"twitter:card\" content=\"summary_large_image\" \/>\n<script type=\"application\/ld+json\" class=\"yoast-schema-graph\">{\"@context\":\"https:\/\/schema.org\",\"@graph\":[{\"@type\":\"WebPage\",\"@id\":\"https:\/\/new-staging.perlaholistic.com\/pl\/reviews\/\",\"url\":\"https:\/\/new-staging.perlaholistic.com\/pl\/reviews\/\",\"name\":\"Recenzje - Perla holistic\",\"isPartOf\":{\"@id\":\"https:\/\/new-dev.perlaholistic.com\/#website\"},\"datePublished\":\"2025-01-30T18:31:00+00:00\",\"dateModified\":\"2025-03-30T21:48:11+00:00\",\"breadcrumb\":{\"@id\":\"https:\/\/new-staging.perlaholistic.com\/pl\/reviews\/#breadcrumb\"},\"inLanguage\":\"pl-PL\",\"potentialAction\":[{\"@type\":\"ReadAction\",\"target\":[\"https:\/\/new-staging.perlaholistic.com\/pl\/reviews\/\"]}]},{\"@type\":\"BreadcrumbList\",\"@id\":\"https:\/\/new-staging.perlaholistic.com\/pl\/reviews\/#breadcrumb\",\"itemListElement\":[{\"@type\":\"ListItem\",\"position\":1,\"name\":\"Strona g\u0142\u00f3wna\",\"item\":\"https:\/\/new-staging.perlaholistic.com\/pl\/\"},{\"@type\":\"ListItem\",\"position\":2,\"name\":\"Recenzje\"}]},{\"@type\":\"WebSite\",\"@id\":\"https:\/\/new-dev.perlaholistic.com\/#website\",\"url\":\"https:\/\/new-dev.perlaholistic.com\/\",\"name\":\"Perla holistic\",\"description\":\"\",\"potentialAction\":[{\"@type\":\"SearchAction\",\"target\":{\"@type\":\"EntryPoint\",\"urlTemplate\":\"https:\/\/new-dev.perlaholistic.com\/?s={search_term_string}\"},\"query-input\":{\"@type\":\"PropertyValueSpecification\",\"valueRequired\":true,\"valueName\":\"search_term_string\"}}],\"inLanguage\":\"pl-PL\"}]}<\/script>\n<!-- \/ Yoast SEO plugin. -->","yoast_head_json":{"title":"Recenzje - Perla holistic","canonical":"https:\/\/new-staging.perlaholistic.com\/pl\/reviews\/","og_locale":"pl_PL","og_type":"article","og_title":"Recenzje - Perla holistic","og_url":"https:\/\/new-staging.perlaholistic.com\/pl\/reviews\/","og_site_name":"Perla holistic","article_modified_time":"2025-03-30T21:48:11+00:00","twitter_card":"summary_large_image","schema":{"@context":"https:\/\/schema.org","@graph":[{"@type":"WebPage","@id":"https:\/\/new-staging.perlaholistic.com\/pl\/reviews\/","url":"https:\/\/new-staging.perlaholistic.com\/pl\/reviews\/","name":"Recenzje - Perla holistic","isPartOf":{"@id":"https:\/\/new-dev.perlaholistic.com\/#website"},"datePublished":"2025-01-30T18:31:00+00:00","dateModified":"2025-03-30T21:48:11+00:00","breadcrumb":{"@id":"https:\/\/new-staging.perlaholistic.com\/pl\/reviews\/#breadcrumb"},"inLanguage":"pl-PL","potentialAction":[{"@type":"ReadAction","target":["https:\/\/new-staging.perlaholistic.com\/pl\/reviews\/"]}]},{"@type":"BreadcrumbList","@id":"https:\/\/new-staging.perlaholistic.com\/pl\/reviews\/#breadcrumb","itemListElement":[{"@type":"ListItem","position":1,"name":"Strona g\u0142\u00f3wna","item":"https:\/\/new-staging.perlaholistic.com\/pl\/"},{"@type":"ListItem","position":2,"name":"Recenzje"}]},{"@type":"WebSite","@id":"https:\/\/new-dev.perlaholistic.com\/#website","url":"https:\/\/new-dev.perlaholistic.com\/","name":"Perla holistic","description":"","potentialAction":[{"@type":"SearchAction","target":{"@type":"EntryPoint","urlTemplate":"https:\/\/new-dev.perlaholistic.com\/?s={search_term_string}"},"query-input":{"@type":"PropertyValueSpecification","valueRequired":true,"valueName":"search_term_string"}}],"inLanguage":"pl-PL"}]}},"_links":{"self":[{"href":"https:\/\/testing.perlaholistic.com\/pl\/wp-json\/wp\/v2\/pages\/2949"}],"collection":[{"href":"https:\/\/testing.perlaholistic.com\/pl\/wp-json\/wp\/v2\/pages"}],"about":[{"href":"https:\/\/testing.perlaholistic.com\/pl\/wp-json\/wp\/v2\/types\/page"}],"author":[{"embeddable":true,"href":"https:\/\/testing.perlaholistic.com\/pl\/wp-json\/wp\/v2\/users\/9"}],"replies":[{"embeddable":true,"href":"https:\/\/testing.perlaholistic.com\/pl\/wp-json\/wp\/v2\/comments?post=2949"}],"version-history":[{"count":0,"href":"https:\/\/testing.perlaholistic.com\/pl\/wp-json\/wp\/v2\/pages\/2949\/revisions"}],"wp:attachment":[{"href":"https:\/\/testing.perlaholistic.com\/pl\/wp-json\/wp\/v2\/media?parent=2949"}],"curies":[{"name":"wp","href":"https:\/\/api.w.org\/{rel}","templated":true}]}}